{"id":108,"date":"2022-07-03T07:11:19","date_gmt":"2022-07-03T07:11:19","guid":{"rendered":"https:\/\/www.lopenjarventausta.fi\/?page_id=108"},"modified":"2026-02-24T19:20:29","modified_gmt":"2026-02-24T19:20:29","slug":"yhteystiedot","status":"publish","type":"page","link":"https:\/\/www.lopenjarventausta.fi\/index.php\/yhteystiedot\/","title":{"rendered":"Yhteystiedot"},"content":{"rendered":"\n<p><\/p>\n\n\n\n<p class=\"has-medium-font-size\"><strong>J\u00e4rventaustan Kyl\u00e4yhdistys<\/strong><\/p>\n\n\n\n<div class=\"wp-block-group is-vertical is-layout-flex wp-container-core-group-is-layout-8cf370e7 wp-block-group-is-layout-flex\">\n<p style=\"font-size:18px;line-height:1\">Puheenjohtaja Risto Kanerva<\/p>\n\n\n\n<p style=\"font-size:18px;line-height:1\">Rahastonhoitaja Vesa-Tapio Kammonen<\/p>\n\n\n\n<p style=\"font-size:18px;line-height:1\">Toimikunnan muut j\u00e4senet Eeva Boginski, Riitta M\u00e4kel\u00e4, Esko Leino, Seppo Kanerva<\/p>\n\n\n\n<p><\/p>\n\n\n\n<p><\/p>\n<\/div>\n\n\n\n<div class=\"wp-block-group is-vertical is-layout-flex wp-container-core-group-is-layout-8cf370e7 wp-block-group-is-layout-flex\">\n<p style=\"font-size:19px;line-height:1\"><strong>Yhteydenotot:<\/strong><\/p>\n\n\n\n<p><\/p>\n\n\n\n<p style=\"font-size:18px;line-height:1\">Risto Kanerva 0400-321202<\/p>\n\n\n\n<p style=\"font-size:18px;line-height:1\">Vesa-Tapio Kammonen 040-581 9952  tai vesku.kammonen@gmail.com<\/p>\n\n\n\n<p style=\"font-size:18px;line-height:1\">Kyl\u00e4yhdistyksen oma s\u00e4hk\u00f6posti on jarventaustan.kylayhdistys@gmail.com<\/p>\n<\/div>\n\n\n\n<p><\/p>\n\n\n\n<p><\/p>\n\n\n\n<p class=\"has-medium-font-size\"><strong>J\u00e4rventaustan Pienviljelij\u00e4yhdistys<\/strong><\/p>\n\n\n\n<div class=\"wp-block-group is-vertical is-layout-flex wp-container-core-group-is-layout-8cf370e7 wp-block-group-is-layout-flex\">\n<div class=\"wp-block-group is-vertical is-layout-flex wp-container-core-group-is-layout-8cf370e7 wp-block-group-is-layout-flex\">\n<p class=\"has-text-align-left\" style=\"font-size:18px;line-height:1\">Puheenjohtaja Jonna Levoniemi<\/p>\n\n\n\n<p style=\"font-size:18px;line-height:1\">Rahastonhoitaja Harri Leino<\/p>\n\n\n\n<p style=\"font-size:18px;line-height:1\">Sihteeri Minna Tervonen<\/p>\n\n\n\n<p style=\"font-size:18px;line-height:1\">Toimikunnan muut j\u00e4senet Riitta M\u00e4kel\u00e4, Mika Oksa, Lauri Laakso, Mikko Laihola<\/p>\n<\/div>\n<\/div>\n\n\n\n<div class=\"wp-block-group is-vertical is-layout-flex wp-container-core-group-is-layout-8cf370e7 wp-block-group-is-layout-flex\">\n<div class=\"wp-block-group is-vertical is-layout-flex wp-container-core-group-is-layout-8cf370e7 wp-block-group-is-layout-flex\">\n<p><\/p>\n\n\n\n<p><\/p>\n\n\n\n<p style=\"font-size:19px\"><strong>Yhteydenotot:<\/strong><\/p>\n\n\n\n<p style=\"font-size:18px\">Mika Oksa puh:040-7492249 tai s\u00e4hk\u00f6postilla mikajoksa@gmail.com<\/p>\n<\/div>\n<\/div>\n\n\n\n<p><\/p>\n\n\n\n<p><\/p>\n\n\n\n<p class=\"has-medium-font-size\"><strong>J\u00e4rventaustan Pirtti<\/strong><\/p>\n\n\n\n<div class=\"wp-block-group is-vertical is-layout-flex wp-container-core-group-is-layout-8cf370e7 wp-block-group-is-layout-flex\">\n<p style=\"font-size:18px\">Osoite J\u00e4rventaustantie 643. <\/p>\n\n\n\n<p style=\"font-size:18px\">Pirtti\u00e4 vuokrataan yksityistilaisuuksia varten. Lis\u00e4tietoa Pirtin vuokrauksesta antaa Mika Oksa puh.040-7492249 tai s\u00e4hk\u00f6postilla mikajoksa@gmail.com<\/p>\n<\/div>\n","protected":false},"excerpt":{"rendered":"<p>J\u00e4rventaustan Kyl\u00e4yhdistys Puheenjohtaja Risto Kanerva Rahastonhoitaja Vesa-Tapio Kammonen Toimikunnan muut j\u00e4senet Eeva Boginski, Riitta M\u00e4kel\u00e4, Esko Leino, Seppo Kanerva Yhteydenotot: Risto Kanerva 0400-321202 Vesa-Tapio Kammonen 040-581 9952 tai vesku.kammonen@gmail.com Kyl\u00e4yhdistyksen oma s\u00e4hk\u00f6posti on jarventaustan.kylayhdistys@gmail.com J\u00e4rventaustan Pienviljelij\u00e4yhdistys Puheenjohtaja Jonna Levoniemi Rahastonhoitaja &hellip; <a href=\"https:\/\/www.lopenjarventausta.fi\/index.php\/yhteystiedot\/\">Lue loppuun <span class=\"meta-nav\">&rarr;<\/span><\/a><\/p>\n","protected":false},"author":1,"featured_media":17,"parent":0,"menu_order":0,"comment_status":"closed","ping_status":"closed","template":"","meta":{"footnotes":""},"class_list":["post-108","page","type-page","status-publish","has-post-thumbnail","hentry"],"_links":{"self":[{"href":"https:\/\/www.lopenjarventausta.fi\/index.php\/wp-json\/wp\/v2\/pages\/108","targetHints":{"allow":["GET"]}}],"collection":[{"href":"https:\/\/www.lopenjarventausta.fi\/index.php\/wp-json\/wp\/v2\/pages"}],"about":[{"href":"https:\/\/www.lopenjarventausta.fi\/index.php\/wp-json\/wp\/v2\/types\/page"}],"author":[{"embeddable":true,"href":"https:\/\/www.lopenjarventausta.fi\/index.php\/wp-json\/wp\/v2\/users\/1"}],"replies":[{"embeddable":true,"href":"https:\/\/www.lopenjarventausta.fi\/index.php\/wp-json\/wp\/v2\/comments?post=108"}],"version-history":[{"count":36,"href":"https:\/\/www.lopenjarventausta.fi\/index.php\/wp-json\/wp\/v2\/pages\/108\/revisions"}],"predecessor-version":[{"id":643,"href":"https:\/\/www.lopenjarventausta.fi\/index.php\/wp-json\/wp\/v2\/pages\/108\/revisions\/643"}],"wp:featuredmedia":[{"embeddable":true,"href":"https:\/\/www.lopenjarventausta.fi\/index.php\/wp-json\/wp\/v2\/media\/17"}],"wp:attachment":[{"href":"https:\/\/www.lopenjarventausta.fi\/index.php\/wp-json\/wp\/v2\/media?parent=108"}],"curies":[{"name":"wp","href":"https:\/\/api.w.org\/{rel}","templated":true}]}}