{"id":119,"date":"2022-07-03T07:32:17","date_gmt":"2022-07-03T07:32:17","guid":{"rendered":"https:\/\/www.lopenjarventausta.fi\/?page_id=119"},"modified":"2023-06-08T13:46:33","modified_gmt":"2023-06-08T13:46:33","slug":"pirtin-historiikki-testi","status":"publish","type":"page","link":"https:\/\/www.lopenjarventausta.fi\/index.php\/pirtin-historiikki-testi\/","title":{"rendered":"Pirtin historiikki"},"content":{"rendered":"\n<p style=\"font-size:18px\">Pirtin tarina juontaa juu\u00adrensa vuodesta 1922. Suomi oli tuolloin itse\u00adn\u00e4i\u00adsen\u00e4 val\u00adtiona vasta 5-vuotias. Maahan oli muo\u00addos\u00adtunut suuri m\u00e4\u00e4r\u00e4 itse\u00adn\u00e4i\u00adsi\u00e4 pien\u00adtiloja torppari\u00aduudis\u00adtuksen ja ns. Lex Kallio-lain my\u00f6t\u00e4. Pien\u00adtilal\u00adlisten amma\u00adtil\u00adliseksi neuvon\u00adta\u00adtueksi perus\u00adtettiin Hannes Gebhardin johdolla Pien\u00advilje\u00adlij\u00e4in Keskus\u00adliitto syk\u00adsyll\u00e4 1922. Sit\u00e4 ennen oli jo k\u00e4yn\u00adnis\u00adtetty tiedo\u00adtus\u00adkam\u00adpanja paikal\u00adlisten pien\u00advilje\u00adlij\u00e4\u00adyhdis\u00adtys\u00adten perus\u00adta\u00admi\u00adseksi. T\u00e4h\u00e4n tartut\u00adtiin my\u00f6s J\u00e4rven\u00adtaustan kyl\u00e4ll\u00e4. Innostus oli niin suuri, ett\u00e4 syksyll\u00e4 1922 yhdis\u00adtyk\u00adsi\u00e4 tuli perus\u00adte\u00adtuksi per\u00e4ti kaksi (rinnak\u00adkais\u00adeloa kesti nelisen vuot\u00adta ennen sulau\u00adtu\u00admista yh\u00addek\u00adsi yh\u00addis\u00adtyk\u00adsek\u00adsi). Kaksi vuotta perus\u00adtami\u00adsesta eli v. 1924 tehtiin p\u00e4\u00e4\u00adt\u00f6s Juuso Salon johta\u00admassa yhdis\u00adtyk\u00adsess\u00e4 oman toimi\u00adtalon raken\u00adtami\u00adsesta p\u00e4\u00e4\u00adosin tal\u00adkoo\u00advoimin.<\/p>\n\n\n\n<p style=\"font-size:18px\">Touhu alkoi tukki\u00adtal\u00adkoilla 1924 joulun v\u00e4li\u00adp\u00e4i\u00advin\u00e4. Keskus\u00adliitolta tilattiin pien\u00advilje\u00adli\u00adj\u00e4in talon malli\u00adpii\u00adrus\u00adtuk\u00adset. Varo\u00adjen hank\u00adkimi\u00adseksi p\u00e4\u00e4\u00adtet\u00adtiin pit\u00e4\u00e4 suuret arpa\u00adjai\u00adset kah\u00adden vuo\u00adden kuluessa.<\/p>\n\n\n\n<p style=\"font-size:18px\">Alkuvuodesta 1927 oltiin niin pit\u00adk\u00e4ll\u00e4, ett\u00e4 raken\u00adtami\u00adnen voitiin aloittaa. Sit\u00e4 ennen oli pii\u00adrus\u00adtuk\u00adsia muu\u00adtettu siten, ett\u00e4 juhla\u00adsalia piden\u00adnet\u00adtiin kah\u00addella met\u00adrill\u00e4. Ty\u00f6t\u00e4 joh\u00adta\u00admaan nimet\u00adtiin 3-henki\u00adnen raken\u00adnus\u00adtoimi\u00adkun\u00adta. Pir\u00adtil\u00adl\u00e4 oli alusta pit\u00e4en pal\u00adjon k\u00e4yt\u00adt\u00f6\u00e4 (koko\u00aduk\u00adsia, kes\u00e4\u00adjuh\u00adlia, tans\u00adseja jne.)&nbsp;Muutkin tahot kuin oma yh\u00addis\u00adtys vuokra\u00adsivat tiloja. 1980-lu\u00advun alus\u00adsa perus\u00adte\u00adtus\u00adta J\u00e4rven\u00adtaus\u00adtan kyl\u00e4\u00adyhdis\u00adtyk\u00adses\u00adt\u00e4 tuli Pir\u00adtin ahkera k\u00e4ytt\u00e4j\u00e4.<\/p>\n\n\n\n<p style=\"font-size:18px\">Vuosikymmenten my\u00f6t\u00e4 rakennusta ehos\u00adtettiin ja korjail\u00adtiin tarpeen mukaan, p\u00e4\u00e4osin talkoo\u00advoimin. Vuosi\u00adkymmenet kulut\u00adtivat kuitenkin rakenteita ja talon kunto heikkeni. Vuoden 2008 alussa p\u00e4\u00e4tet\u00adtiin pien\u00adviljelij\u00e4\u00adyhdis\u00adtyksen ko\u00adkouk\u00adsessa aloittaa Pirtin pelas\u00adtamis\u00adprojekti. Heti kev\u00e4\u00e4ll\u00e4 pidettiin tukki\u00adtalkoot ja sahau\u00adtettiin rakennus\u00adtarpeet. Kyseess\u00e4 oli niin suuri\u00adsuuntainen hanke, ett\u00e4 pelk\u00e4ll\u00e4 talkoo\u00adhengell\u00e4 sit\u00e4 ei olisi voitu toteuttaa. Suomen Koti\u00adseutu\u00adliitolta saatiinkin hankkeeseen rahallista tukea. Ehtona oli, ett\u00e4 perus\u00adkorjaus tehd\u00e4\u00e4n alkuper\u00e4ist\u00e4 kunnioit\u00adtaen. Saneerausta valvoi Koti\u00adseutu\u00adliiton ohella Lopen kunnan rakennus\u00adtarkas\u00adtaja. Perus\u00adkorjaus saatiin p\u00e4\u00e4t\u00f6kseen v. 2016. &nbsp;Voimain\u00adponnistus kesti siis kahdeksan vuotta ja kirjanpidon mukaan talkoo\u00adty\u00f6\u00adtunteja kertyi 6679. Mukana olivat niin miehet kuin naiset. Naisten panos oli t\u00e4rke\u00e4: talkoo\u00adp\u00e4ivin\u00e4 oli tarjolla ruuat ja kahvit, naiset osallis\u00adtuivat my\u00f6s suunnit\u00adteluun ja sisustamiseen<\/p>\n\n\n\n<p><\/p>\n","protected":false},"excerpt":{"rendered":"<p>Pirtin tarina juontaa juu\u00adrensa vuodesta 1922. Suomi oli tuolloin itse\u00adn\u00e4i\u00adsen\u00e4 val\u00adtiona vasta 5-vuotias. Maahan oli muo\u00addos\u00adtunut suuri m\u00e4\u00e4r\u00e4 itse\u00adn\u00e4i\u00adsi\u00e4 pien\u00adtiloja torppari\u00aduudis\u00adtuksen ja ns. Lex Kallio-lain my\u00f6t\u00e4. Pien\u00adtilal\u00adlisten amma\u00adtil\u00adliseksi neuvon\u00adta\u00adtueksi perus\u00adtettiin Hannes Gebhardin johdolla Pien\u00advilje\u00adlij\u00e4in Keskus\u00adliitto syk\u00adsyll\u00e4 1922. Sit\u00e4 ennen oli &hellip; <a href=\"https:\/\/www.lopenjarventausta.fi\/index.php\/pirtin-historiikki-testi\/\">Lue loppuun <span class=\"meta-nav\">&rarr;<\/span><\/a><\/p>\n","protected":false},"author":1,"featured_media":0,"parent":0,"menu_order":0,"comment_status":"closed","ping_status":"closed","template":"","meta":{"footnotes":""},"class_list":["post-119","page","type-page","status-publish","hentry"],"_links":{"self":[{"href":"https:\/\/www.lopenjarventausta.fi\/index.php\/wp-json\/wp\/v2\/pages\/119","targetHints":{"allow":["GET"]}}],"collection":[{"href":"https:\/\/www.lopenjarventausta.fi\/index.php\/wp-json\/wp\/v2\/pages"}],"about":[{"href":"https:\/\/www.lopenjarventausta.fi\/index.php\/wp-json\/wp\/v2\/types\/page"}],"author":[{"embeddable":true,"href":"https:\/\/www.lopenjarventausta.fi\/index.php\/wp-json\/wp\/v2\/users\/1"}],"replies":[{"embeddable":true,"href":"https:\/\/www.lopenjarventausta.fi\/index.php\/wp-json\/wp\/v2\/comments?post=119"}],"version-history":[{"count":6,"href":"https:\/\/www.lopenjarventausta.fi\/index.php\/wp-json\/wp\/v2\/pages\/119\/revisions"}],"predecessor-version":[{"id":467,"href":"https:\/\/www.lopenjarventausta.fi\/index.php\/wp-json\/wp\/v2\/pages\/119\/revisions\/467"}],"wp:attachment":[{"href":"https:\/\/www.lopenjarventausta.fi\/index.php\/wp-json\/wp\/v2\/media?parent=119"}],"curies":[{"name":"wp","href":"https:\/\/api.w.org\/{rel}","templated":true}]}}