{"id":123,"date":"2022-07-03T07:43:47","date_gmt":"2022-07-03T07:43:47","guid":{"rendered":"https:\/\/www.lopenjarventausta.fi\/?page_id=123"},"modified":"2024-06-23T08:39:25","modified_gmt":"2024-06-23T08:39:25","slug":"liity","status":"publish","type":"page","link":"https:\/\/www.lopenjarventausta.fi\/index.php\/liity\/","title":{"rendered":"Liity yhdistykseen"},"content":{"rendered":"\n<div class=\"wp-block-group is-vertical is-layout-flex wp-container-core-group-is-layout-8cf370e7 wp-block-group-is-layout-flex\">\n<p class=\"has-medium-font-size\"><strong>Liity J\u00e4rventaustan kyl\u00e4yhdistykseen<\/strong><\/p>\n\n\n\n<div class=\"wp-block-group is-vertical is-layout-flex wp-container-core-group-is-layout-8cf370e7 wp-block-group-is-layout-flex\">\n<p style=\"font-size:18px\">Lis\u00e4tietoja: puheenjohtajalta Risto Kanerva puh.0400-321 202 tai Vesa-Tapio Kammonen s\u00e4hk\u00f6postilla vesku.kammonen@gmail.com tai 040-5819952<\/p>\n<\/div>\n<\/div>\n\n\n\n<div class=\"wp-block-group is-nowrap is-layout-flex wp-container-core-group-is-layout-ad2f72ca wp-block-group-is-layout-flex\">\n<div class=\"wp-block-group is-vertical is-layout-flex wp-container-core-group-is-layout-8cf370e7 wp-block-group-is-layout-flex\">\n<p><\/p>\n\n\n\n<p><\/p>\n\n\n\n<p><\/p>\n\n\n\n<p><\/p>\n\n\n\n<p class=\"has-medium-font-size\"><strong>Tilitiedot<\/strong><\/p>\n\n\n\n<p style=\"font-size:18px\">Saaja: J\u00e4rventaustan kyl\u00e4yhdistys ry<\/p>\n\n\n\n<p style=\"font-size:18px\">Tilinumero: FI84 5253 0150 0484 22<\/p>\n\n\n\n<p style=\"font-size:18px\">J\u00e4senmaksunm\u00e4\u00e4r\u00e4 talouskohtainen 12\u20ac<\/p>\n\n\n\n<p style=\"font-size:18px\">Maksun aihe: J\u00e4senmaksu<\/p>\n<\/div>\n<\/div>\n\n\n\n<p><\/p>\n\n\n\n<p><\/p>\n\n\n\n<p><\/p>\n\n\n\n<p><\/p>\n\n\n\n<div class=\"wp-block-group is-vertical is-layout-flex wp-container-core-group-is-layout-8cf370e7 wp-block-group-is-layout-flex\">\n<p class=\"has-medium-font-size\"><strong>Liity J\u00e4rventaustan pienviljelij\u00e4yhdistykseen<\/strong><\/p>\n\n\n\n<p style=\"font-size:18px\">Lis\u00e4tietoja: puheenjohtaja Mika Oksa puh.040-749 2249 tai s\u00e4hk\u00f6postilla mikajoksa@gmail.com<\/p>\n<\/div>\n\n\n\n<p style=\"font-size:18px\">Viljelij\u00e4j\u00e4sen 8\u20ac ja kannatusj\u00e4sen\/el\u00e4kel\u00e4iset 5\u20ac<\/p>\n\n\n\n<p class=\"has-medium-font-size\"><\/p>\n","protected":false},"excerpt":{"rendered":"<p>Liity J\u00e4rventaustan kyl\u00e4yhdistykseen Lis\u00e4tietoja: puheenjohtajalta Risto Kanerva puh.0400-321 202 tai Vesa-Tapio Kammonen s\u00e4hk\u00f6postilla vesku.kammonen@gmail.com tai 040-5819952 Tilitiedot Saaja: J\u00e4rventaustan kyl\u00e4yhdistys ry Tilinumero: FI84 5253 0150 0484 22 J\u00e4senmaksunm\u00e4\u00e4r\u00e4 talouskohtainen 12\u20ac Maksun aihe: J\u00e4senmaksu Liity J\u00e4rventaustan pienviljelij\u00e4yhdistykseen Lis\u00e4tietoja: puheenjohtaja Mika Oksa &hellip; <a href=\"https:\/\/www.lopenjarventausta.fi\/index.php\/liity\/\">Lue loppuun <span class=\"meta-nav\">&rarr;<\/span><\/a><\/p>\n","protected":false},"author":1,"featured_media":0,"parent":0,"menu_order":0,"comment_status":"closed","ping_status":"closed","template":"","meta":{"footnotes":""},"class_list":["post-123","page","type-page","status-publish","hentry"],"_links":{"self":[{"href":"https:\/\/www.lopenjarventausta.fi\/index.php\/wp-json\/wp\/v2\/pages\/123","targetHints":{"allow":["GET"]}}],"collection":[{"href":"https:\/\/www.lopenjarventausta.fi\/index.php\/wp-json\/wp\/v2\/pages"}],"about":[{"href":"https:\/\/www.lopenjarventausta.fi\/index.php\/wp-json\/wp\/v2\/types\/page"}],"author":[{"embeddable":true,"href":"https:\/\/www.lopenjarventausta.fi\/index.php\/wp-json\/wp\/v2\/users\/1"}],"replies":[{"embeddable":true,"href":"https:\/\/www.lopenjarventausta.fi\/index.php\/wp-json\/wp\/v2\/comments?post=123"}],"version-history":[{"count":26,"href":"https:\/\/www.lopenjarventausta.fi\/index.php\/wp-json\/wp\/v2\/pages\/123\/revisions"}],"predecessor-version":[{"id":559,"href":"https:\/\/www.lopenjarventausta.fi\/index.php\/wp-json\/wp\/v2\/pages\/123\/revisions\/559"}],"wp:attachment":[{"href":"https:\/\/www.lopenjarventausta.fi\/index.php\/wp-json\/wp\/v2\/media?parent=123"}],"curies":[{"name":"wp","href":"https:\/\/api.w.org\/{rel}","templated":true}]}}