{"id":129,"date":"2022-07-03T13:05:06","date_gmt":"2022-07-03T13:05:06","guid":{"rendered":"https:\/\/www.lopenjarventausta.fi\/?page_id=129"},"modified":"2026-04-26T13:19:29","modified_gmt":"2026-04-26T13:19:29","slug":"tapahtumakalenteri","status":"publish","type":"page","link":"https:\/\/www.lopenjarventausta.fi\/index.php\/tapahtumakalenteri\/","title":{"rendered":"Tapahtumakalenteri"},"content":{"rendered":"\n<p><\/p>\n\n\n\n<p class=\"has-medium-font-size\"><strong>2026<\/strong><\/p>\n\n\n\n<p class=\"has-medium-font-size\"><strong>Helmikuu<\/strong><\/p>\n\n\n\n<ul class=\"wp-block-list\">\n<li style=\"font-size:18px\">Laskiaislounas sunnuntaina 15.2.2026 klo 12\u201315 Uudessa Syrj\u00e4ss\u00e4. Tarjolla lihakeittoa, pannukakkua, kahvia\/tee ja laskiaispulla. Lounaan hinta 12\u20ac ja alle 15v. lapset ilmaiseksi.<\/li>\n<\/ul>\n\n\n\n<p class=\"has-medium-font-size\"><strong>Maaliskuu<\/strong><\/p>\n\n\n\n<ul class=\"wp-block-list\">\n<li style=\"font-size:18px\">Tervetuloa mukaan tutustumisk\u00e4ynnille J\u00e4rventaustan Kaunisniemess\u00e4 sijaitsevaan Helsingin ortodoksisen seurakunnan leirikeskukseen. Lauantaina 7.3.2026 klo 13.00 osoitteeseen Kaunisniementie 18. Esa Kammoselle puh. 040-5673833 tai esa.asko.kammonen@gmail.com. Tervetuloa seurakunnan tarjoamille kahveille.&nbsp;<\/li>\n<\/ul>\n\n\n\n<p class=\"has-medium-font-size\"><strong>Huhtikuu<\/strong><\/p>\n\n\n\n<ul class=\"wp-block-list\">\n<li style=\"font-size:18px\">Kyl\u00e4yhdistyksen kev\u00e4tkokous pidet\u00e4\u00e4n Uudessa Syrj\u00e4ss\u00e4 sunnuntaina 19.4.2026 klo 13.00. Tervetuloa tapaamaan kyl\u00e4l\u00e4isi\u00e4 kahvin ja kokouksen merkeiss\u00e4.<\/li>\n<\/ul>\n\n\n\n<p class=\"has-medium-font-size\"><strong>Toukokuu<\/strong><\/p>\n\n\n\n<ul class=\"wp-block-list\">\n<li style=\"font-size:18px\">Tienvarsisiivouksen talkookahvit j\u00e4rjestet\u00e4\u00e4n Pirtill\u00e4 lauantaina 9.5 klo 13-15.<\/li>\n\n\n\n<li style=\"font-size:18px\">Pirtin siivoustalkoot 23.5 klo 10.00. L\u00e4mpim\u00e4sti tervetuloa, olet sitten j\u00e4sen tai et.<\/li>\n<\/ul>\n\n\n\n<p class=\"has-medium-font-size\"><strong>Kes\u00e4kuu<\/strong><\/p>\n\n\n\n<ul style=\"font-size:18px\" class=\"wp-block-list\">\n<li style=\"font-size:18px\">Perinteiset juhannustanssit juhannusp\u00e4iv\u00e4n\u00e4 20.6.2026 klo 19:00-23:30 J\u00e4rventaustan Pirtill\u00e4, J\u00e4rventaustantie 643. J\u00e4rjest\u00e4\u00e4 J\u00e4rventaustan Pienviljelij\u00e4yhdistys ry.<\/li>\n\n\n\n<li>Loppij\u00e4rven valkeat y\u00f6t -soutelutapahtuma 26.6.2026 klo 18.00 &#8211; 24.00. Yksi tapahtumapisteist\u00e4 on Syrj\u00e4n rannassa (Kallaksentie 77). Sauna on l\u00e4mpim\u00e4n\u00e4 koko illan. Kyl\u00e4yhdistys huolehtii buffetista. Muut souteluillan tapahtumapaikat ovat kirkonkyl\u00e4n ja Sajaniemen rannoissa.<\/li>\n<\/ul>\n\n\n\n<p class=\"has-medium-font-size\"><strong>Hein\u00e4kuu<\/strong><\/p>\n\n\n\n<ul style=\"font-size:18px\" class=\"wp-block-list\">\n<li>Kes\u00e4kahvila on avoinna Pirtill\u00e4 hein\u00e4kuussa joka sunnuntaina klo 13-17.  Huom: 4.7 on spesiaali ohjelmaa luvassa!<\/li>\n\n\n\n<li>Vanhojen valokuvien n\u00e4yttely j\u00e4rjestet\u00e4\u00e4n hein\u00e4kuussa. N\u00e4yttely on avoinna kes\u00e4kahvilan aukioloajan puitteissa.<\/li>\n\n\n\n<li>Kes\u00e4retki 18.7 linja-autolla matkustaen Valkeakosken kes\u00e4teatteriin katsomaan musikaalia Katri. Musikaali kertoo Katri Helenan menestyksekk\u00e4\u00e4st\u00e4 urasta ja el\u00e4m\u00e4n tiest\u00e4 t\u00e4hteyteen. Esityksen j\u00e4lkeen on vuorossa maittava lounas. Tarkemmat tiedot l\u00e4hemp\u00e4n\u00e4.<\/li>\n<\/ul>\n\n\n\n<p class=\"has-medium-font-size\"><strong>Elokuu<\/strong><\/p>\n\n\n\n<ul style=\"font-size:18px\" class=\"wp-block-list\">\n<li>Unelmav\u00e4vyt Trio esiintyy tanssimusiikin tahdissa J\u00e4rventaustan Pirtill\u00e4 lauantaina 1.8.2026 klo 19.00-23.30. Osoite J\u00e4rventaustantie 643. Lipun hinnat 15\u20ac<\/li>\n\n\n\n<li>Tapahtuma varmistuu kev\u00e4\u00e4n ja kes\u00e4n aikana: Kes\u00e4kauden p\u00e4\u00e4tt\u00e4j\u00e4iset elokuussa tai syyskuussa.<\/li>\n<\/ul>\n\n\n\n<p class=\"has-medium-font-size\"><strong><strong>Syyskuu<\/strong><\/strong><\/p>\n\n\n\n<ul class=\"wp-block-list\">\n<li style=\"font-size:18px\">Kyl\u00e4yhdistyksen syyskokous paikka ja aika varmistuu my\u00f6hemmin.<\/li>\n\n\n\n<li style=\"font-size:18px\">Sieni-ilta J\u00e4rventaustan Pirtill\u00e4 syksyll\u00e4<\/li>\n<\/ul>\n\n\n\n<p class=\"has-medium-font-size\"><strong>Joulukuu<\/strong><\/p>\n\n\n\n<ul class=\"wp-block-list\">\n<li style=\"font-size:18px\">Alustava suunnitelma pikkujoulut j\u00e4rjestet\u00e4\u00e4n.<\/li>\n<\/ul>\n\n\n\n<p class=\"has-medium-font-size\"><\/p>\n\n\n\n<div class=\"wp-block-group is-vertical is-layout-flex wp-container-core-group-is-layout-8cf370e7 wp-block-group-is-layout-flex\"><\/div>\n","protected":false},"excerpt":{"rendered":"<p>2026 Helmikuu Maaliskuu Huhtikuu Toukokuu Kes\u00e4kuu Hein\u00e4kuu Elokuu Syyskuu Joulukuu<\/p>\n","protected":false},"author":1,"featured_media":0,"parent":0,"menu_order":0,"comment_status":"closed","ping_status":"closed","template":"","meta":{"footnotes":""},"class_list":["post-129","page","type-page","status-publish","hentry"],"_links":{"self":[{"href":"https:\/\/www.lopenjarventausta.fi\/index.php\/wp-json\/wp\/v2\/pages\/129","targetHints":{"allow":["GET"]}}],"collection":[{"href":"https:\/\/www.lopenjarventausta.fi\/index.php\/wp-json\/wp\/v2\/pages"}],"about":[{"href":"https:\/\/www.lopenjarventausta.fi\/index.php\/wp-json\/wp\/v2\/types\/page"}],"author":[{"embeddable":true,"href":"https:\/\/www.lopenjarventausta.fi\/index.php\/wp-json\/wp\/v2\/users\/1"}],"replies":[{"embeddable":true,"href":"https:\/\/www.lopenjarventausta.fi\/index.php\/wp-json\/wp\/v2\/comments?post=129"}],"version-history":[{"count":148,"href":"https:\/\/www.lopenjarventausta.fi\/index.php\/wp-json\/wp\/v2\/pages\/129\/revisions"}],"predecessor-version":[{"id":648,"href":"https:\/\/www.lopenjarventausta.fi\/index.php\/wp-json\/wp\/v2\/pages\/129\/revisions\/648"}],"wp:attachment":[{"href":"https:\/\/www.lopenjarventausta.fi\/index.php\/wp-json\/wp\/v2\/media?parent=129"}],"curies":[{"name":"wp","href":"https:\/\/api.w.org\/{rel}","templated":true}]}}