{"id":170,"date":"2022-07-09T18:55:23","date_gmt":"2022-07-09T18:55:23","guid":{"rendered":"https:\/\/www.lopenjarventausta.fi\/?page_id=170"},"modified":"2026-01-19T14:21:26","modified_gmt":"2026-01-19T14:21:26","slug":"etusivu-valmis","status":"publish","type":"page","link":"https:\/\/www.lopenjarventausta.fi\/","title":{"rendered":"Tervetuloa!"},"content":{"rendered":"\n<p class=\"has-medium-font-size\"><strong>Ajankohtaista<\/strong><\/p>\n\n\n\n<ul style=\"font-size:18px\" class=\"wp-block-list\">\n<li>Laskiaislounas 15.2.2026 klo 12\u201315 Uudessa Syrj\u00e4ss\u00e4. Tarjolla lihakeittoa, pannukakkua, kahvia\/tee ja laskiaispulla. Lounaan hinta 12\u20ac ja alle 15v. lapset ilmaiseksi.<\/li>\n<\/ul>\n\n\n\n<p style=\"font-size:18px\"><a href=\"https:\/\/www.lopenjarventausta.fi\/index.php\/tapahtumakalenteri\/\" data-type=\"page\" data-id=\"129\">Tapahtumakalenterista <\/a>l\u00f6yd\u00e4t l\u00e4hiajan tapahtumat. Tervetuloa mukaan!<\/p>\n\n\n\n<p class=\"has-medium-font-size\"><strong>J\u00e4rventaustan kyl\u00e4<\/strong><\/p>\n\n\n\n<p style=\"font-size:18px\">J\u00e4rventaustan kyl\u00e4 sijaitsee Lopen kunnassa Kanta-H\u00e4meess\u00e4. <\/p>\n\n\n\n<p style=\"font-size:18px\">J\u00e4rventausta kuuluu Loppij\u00e4rven it\u00e4puolella sijaitsevaan Sajaniemen p\u00e4\u00e4kyl\u00e4\u00e4n. Loppij\u00e4rvi kuitenkin halkoo kyl\u00e4t eri alueiksi ja usein paikalliset j\u00e4rventaustalaiset puhuvatkin olevansa j\u00e4rven takaa.<\/p>\n\n\n\n<p style=\"font-size:18px\">Kyl\u00e4ll\u00e4mme sijaitsee kolme aktiivista yhdistyst\u00e4. Ne ovat J\u00e4rventaustan pienviljelij\u00e4yhdistys, J\u00e4rventaustan kyl\u00e4yhdistys sek\u00e4 Syrj\u00e4-seura. <\/p>\n\n\n\n<p style=\"font-size:18px\">J\u00e4rventaustan pienviljelij\u00e4yhdistys perustettiin vuonna 1922. Pienviljelij\u00e4yhdistyksen ajatuksena oli yhdist\u00e4m\u00e4\u00e4n alueen maanviljelij\u00f6it\u00e4 j\u00e4rjest\u00e4m\u00e4ll\u00e4 erilaisia iltamia ja tapahtumia, sek\u00e4 jakamaan tietoa uusista maanviljelytavoista ja -koneista. Yhdistys my\u00f6s hankki j\u00e4senilleen maanviljelyyn ja karjatalouteen liittyvi\u00e4 koneita. <\/p>\n\n\n\n<p style=\"font-size:18px\">J\u00e4rventaustan kyl\u00e4yhdistys perustettiin vuonna 1981. Kyl\u00e4yhdistyksen tarkoituksena oli yhdist\u00e4\u00e4 kyl\u00e4l\u00e4isi\u00e4 sek\u00e4 kes\u00e4asukkaita ja luomaan hyv\u00e4\u00e4 yhteishenke\u00e4 alueelle. Teht\u00e4viin kuului my\u00f6s yhteisten etujen ja asioiden edunvalvonta. N\u00e4ill\u00e4 samoilla periaatteilla jatketaan my\u00f6s t\u00e4n\u00e4 p\u00e4iv\u00e4n\u00e4.<\/p>\n","protected":false},"excerpt":{"rendered":"<p>Ajankohtaista Tapahtumakalenterista l\u00f6yd\u00e4t l\u00e4hiajan tapahtumat. Tervetuloa mukaan! J\u00e4rventaustan kyl\u00e4 J\u00e4rventaustan kyl\u00e4 sijaitsee Lopen kunnassa Kanta-H\u00e4meess\u00e4. J\u00e4rventausta kuuluu Loppij\u00e4rven it\u00e4puolella sijaitsevaan Sajaniemen p\u00e4\u00e4kyl\u00e4\u00e4n. Loppij\u00e4rvi kuitenkin halkoo kyl\u00e4t eri alueiksi ja usein paikalliset j\u00e4rventaustalaiset puhuvatkin olevansa j\u00e4rven takaa. Kyl\u00e4ll\u00e4mme sijaitsee kolme aktiivista &hellip; <a href=\"https:\/\/www.lopenjarventausta.fi\/\">Lue loppuun <span class=\"meta-nav\">&rarr;<\/span><\/a><\/p>\n","protected":false},"author":1,"featured_media":0,"parent":0,"menu_order":0,"comment_status":"closed","ping_status":"closed","template":"","meta":{"footnotes":""},"class_list":["post-170","page","type-page","status-publish","hentry"],"_links":{"self":[{"href":"https:\/\/www.lopenjarventausta.fi\/index.php\/wp-json\/wp\/v2\/pages\/170","targetHints":{"allow":["GET"]}}],"collection":[{"href":"https:\/\/www.lopenjarventausta.fi\/index.php\/wp-json\/wp\/v2\/pages"}],"about":[{"href":"https:\/\/www.lopenjarventausta.fi\/index.php\/wp-json\/wp\/v2\/types\/page"}],"author":[{"embeddable":true,"href":"https:\/\/www.lopenjarventausta.fi\/index.php\/wp-json\/wp\/v2\/users\/1"}],"replies":[{"embeddable":true,"href":"https:\/\/www.lopenjarventausta.fi\/index.php\/wp-json\/wp\/v2\/comments?post=170"}],"version-history":[{"count":32,"href":"https:\/\/www.lopenjarventausta.fi\/index.php\/wp-json\/wp\/v2\/pages\/170\/revisions"}],"predecessor-version":[{"id":614,"href":"https:\/\/www.lopenjarventausta.fi\/index.php\/wp-json\/wp\/v2\/pages\/170\/revisions\/614"}],"wp:attachment":[{"href":"https:\/\/www.lopenjarventausta.fi\/index.php\/wp-json\/wp\/v2\/media?parent=170"}],"curies":[{"name":"wp","href":"https:\/\/api.w.org\/{rel}","templated":true}]}}