{"id":198,"date":"2022-07-10T09:54:44","date_gmt":"2022-07-10T09:54:44","guid":{"rendered":"https:\/\/www.lopenjarventausta.fi\/?page_id=198"},"modified":"2023-08-12T10:56:46","modified_gmt":"2023-08-12T10:56:46","slug":"pirtin-sisakuvia-2","status":"publish","type":"page","link":"https:\/\/www.lopenjarventausta.fi\/index.php\/pirtin-sisakuvia-2\/","title":{"rendered":"Pirtti"},"content":{"rendered":"\n<p style=\"font-size:18px\">J\u00e4rventaustan Pirtti on vanha seurojentalo, joka on peruskorjattu 2008-2016 alkuper\u00e4isen ilmeen ja tunnelman s\u00e4ilytt\u00e4m\u00e4ll\u00e4. Pirtill\u00e4 j\u00e4rjestet\u00e4\u00e4n joka vuosi perinteiset juhannustanssit pienviljelij\u00e4- ja kyl\u00e4yhdistyksen toimesta. Molemmat yhdistykset samalla tukeutuvat pirttiin ja j\u00e4rjest\u00e4v\u00e4t joka vuosi tapahtumia siell\u00e4.<br>Pirtti\u00e4 vuokrataan yksityistilaisuuksia varten. Lis\u00e4tietoa Pirtin vuokrauksesta antaa Mika Oksa puh.040-7492249 tai s\u00e4hk\u00f6posti mikajoksa@gmail.com<\/p>\n\n\n\n<figure class=\"wp-block-image size-large\"><img loading=\"lazy\" decoding=\"async\" width=\"1024\" height=\"768\" src=\"https:\/\/www.lopenjarventausta.fi\/wp-content\/uploads\/2022\/07\/20220701_111316-1024x768.jpg\" alt=\"\" class=\"wp-image-144\" srcset=\"https:\/\/www.lopenjarventausta.fi\/wp-content\/uploads\/2022\/07\/20220701_111316-1024x768.jpg 1024w, https:\/\/www.lopenjarventausta.fi\/wp-content\/uploads\/2022\/07\/20220701_111316-300x225.jpg 300w, https:\/\/www.lopenjarventausta.fi\/wp-content\/uploads\/2022\/07\/20220701_111316-768x576.jpg 768w, https:\/\/www.lopenjarventausta.fi\/wp-content\/uploads\/2022\/07\/20220701_111316-1536x1152.jpg 1536w, https:\/\/www.lopenjarventausta.fi\/wp-content\/uploads\/2022\/07\/20220701_111316-2048x1536.jpg 2048w\" sizes=\"auto, (max-width: 1024px) 100vw, 1024px\" \/><\/figure>\n\n\n\n<figure class=\"wp-block-image\"><img loading=\"lazy\" decoding=\"async\" width=\"1496\" height=\"2000\" src=\"https:\/\/www.lopenjarventausta.fi\/wp-content\/uploads\/2023\/08\/364551346_651545356698650_3928296591447112585_n.jpg\" alt=\"\" class=\"wp-image-501\" srcset=\"https:\/\/www.lopenjarventausta.fi\/wp-content\/uploads\/2023\/08\/364551346_651545356698650_3928296591447112585_n.jpg 1496w, https:\/\/www.lopenjarventausta.fi\/wp-content\/uploads\/2023\/08\/364551346_651545356698650_3928296591447112585_n-224x300.jpg 224w, https:\/\/www.lopenjarventausta.fi\/wp-content\/uploads\/2023\/08\/364551346_651545356698650_3928296591447112585_n-766x1024.jpg 766w, https:\/\/www.lopenjarventausta.fi\/wp-content\/uploads\/2023\/08\/364551346_651545356698650_3928296591447112585_n-768x1027.jpg 768w, https:\/\/www.lopenjarventausta.fi\/wp-content\/uploads\/2023\/08\/364551346_651545356698650_3928296591447112585_n-1149x1536.jpg 1149w\" sizes=\"auto, (max-width: 1496px) 100vw, 1496px\" \/><\/figure>\n\n\n\n<figure class=\"wp-block-image size-large\"><img loading=\"lazy\" decoding=\"async\" width=\"1024\" height=\"857\" src=\"https:\/\/www.lopenjarventausta.fi\/wp-content\/uploads\/2023\/08\/364547543_6212024772232582_2874222702829659427_n-1024x857.jpg\" alt=\"\" class=\"wp-image-500\" srcset=\"https:\/\/www.lopenjarventausta.fi\/wp-content\/uploads\/2023\/08\/364547543_6212024772232582_2874222702829659427_n-1024x857.jpg 1024w, https:\/\/www.lopenjarventausta.fi\/wp-content\/uploads\/2023\/08\/364547543_6212024772232582_2874222702829659427_n-300x251.jpg 300w, https:\/\/www.lopenjarventausta.fi\/wp-content\/uploads\/2023\/08\/364547543_6212024772232582_2874222702829659427_n-768x643.jpg 768w, https:\/\/www.lopenjarventausta.fi\/wp-content\/uploads\/2023\/08\/364547543_6212024772232582_2874222702829659427_n-358x300.jpg 358w, https:\/\/www.lopenjarventausta.fi\/wp-content\/uploads\/2023\/08\/364547543_6212024772232582_2874222702829659427_n.jpg 1080w\" sizes=\"auto, (max-width: 1024px) 100vw, 1024px\" \/><\/figure>\n\n\n\n<figure class=\"wp-block-image size-large\"><img loading=\"lazy\" decoding=\"async\" width=\"1024\" height=\"659\" src=\"https:\/\/www.lopenjarventausta.fi\/wp-content\/uploads\/2023\/08\/364547796_777662194099953_4764699806657802214_n-1024x659.jpg\" alt=\"\" class=\"wp-image-498\" srcset=\"https:\/\/www.lopenjarventausta.fi\/wp-content\/uploads\/2023\/08\/364547796_777662194099953_4764699806657802214_n-1024x659.jpg 1024w, https:\/\/www.lopenjarventausta.fi\/wp-content\/uploads\/2023\/08\/364547796_777662194099953_4764699806657802214_n-300x193.jpg 300w, https:\/\/www.lopenjarventausta.fi\/wp-content\/uploads\/2023\/08\/364547796_777662194099953_4764699806657802214_n-768x494.jpg 768w, https:\/\/www.lopenjarventausta.fi\/wp-content\/uploads\/2023\/08\/364547796_777662194099953_4764699806657802214_n-466x300.jpg 466w, https:\/\/www.lopenjarventausta.fi\/wp-content\/uploads\/2023\/08\/364547796_777662194099953_4764699806657802214_n.jpg 1080w\" sizes=\"auto, (max-width: 1024px) 100vw, 1024px\" \/><\/figure>\n\n\n\n<figure class=\"wp-block-image size-large\"><img loading=\"lazy\" decoding=\"async\" width=\"683\" height=\"1024\" src=\"https:\/\/www.lopenjarventausta.fi\/wp-content\/uploads\/2023\/08\/364547868_2463783230452151_570269474045618545_n-683x1024.jpg\" alt=\"\" class=\"wp-image-499\" srcset=\"https:\/\/www.lopenjarventausta.fi\/wp-content\/uploads\/2023\/08\/364547868_2463783230452151_570269474045618545_n-683x1024.jpg 683w, https:\/\/www.lopenjarventausta.fi\/wp-content\/uploads\/2023\/08\/364547868_2463783230452151_570269474045618545_n-200x300.jpg 200w, https:\/\/www.lopenjarventausta.fi\/wp-content\/uploads\/2023\/08\/364547868_2463783230452151_570269474045618545_n-768x1152.jpg 768w, https:\/\/www.lopenjarventausta.fi\/wp-content\/uploads\/2023\/08\/364547868_2463783230452151_570269474045618545_n-1024x1536.jpg 1024w, https:\/\/www.lopenjarventausta.fi\/wp-content\/uploads\/2023\/08\/364547868_2463783230452151_570269474045618545_n.jpg 1280w\" sizes=\"auto, (max-width: 683px) 100vw, 683px\" \/><\/figure>\n\n\n\n<figure class=\"wp-block-image size-large\"><img loading=\"lazy\" decoding=\"async\" width=\"766\" height=\"1024\" src=\"https:\/\/www.lopenjarventausta.fi\/wp-content\/uploads\/2023\/08\/364547532_297398449506655_7224381320208207059_n-766x1024.jpg\" alt=\"\" class=\"wp-image-490\" srcset=\"https:\/\/www.lopenjarventausta.fi\/wp-content\/uploads\/2023\/08\/364547532_297398449506655_7224381320208207059_n-766x1024.jpg 766w, https:\/\/www.lopenjarventausta.fi\/wp-content\/uploads\/2023\/08\/364547532_297398449506655_7224381320208207059_n-224x300.jpg 224w, https:\/\/www.lopenjarventausta.fi\/wp-content\/uploads\/2023\/08\/364547532_297398449506655_7224381320208207059_n-768x1027.jpg 768w, https:\/\/www.lopenjarventausta.fi\/wp-content\/uploads\/2023\/08\/364547532_297398449506655_7224381320208207059_n-1149x1536.jpg 1149w, https:\/\/www.lopenjarventausta.fi\/wp-content\/uploads\/2023\/08\/364547532_297398449506655_7224381320208207059_n.jpg 1496w\" sizes=\"auto, (max-width: 766px) 100vw, 766px\" \/><\/figure>\n\n\n\n<figure class=\"wp-block-image size-large\"><img loading=\"lazy\" decoding=\"async\" width=\"766\" height=\"1024\" src=\"https:\/\/www.lopenjarventausta.fi\/wp-content\/uploads\/2023\/08\/363559194_219743997322209_6279963405911722209_n-766x1024.jpg\" alt=\"\" class=\"wp-image-496\" srcset=\"https:\/\/www.lopenjarventausta.fi\/wp-content\/uploads\/2023\/08\/363559194_219743997322209_6279963405911722209_n-766x1024.jpg 766w, https:\/\/www.lopenjarventausta.fi\/wp-content\/uploads\/2023\/08\/363559194_219743997322209_6279963405911722209_n-224x300.jpg 224w, https:\/\/www.lopenjarventausta.fi\/wp-content\/uploads\/2023\/08\/363559194_219743997322209_6279963405911722209_n-768x1027.jpg 768w, https:\/\/www.lopenjarventausta.fi\/wp-content\/uploads\/2023\/08\/363559194_219743997322209_6279963405911722209_n-1149x1536.jpg 1149w, https:\/\/www.lopenjarventausta.fi\/wp-content\/uploads\/2023\/08\/363559194_219743997322209_6279963405911722209_n.jpg 1496w\" sizes=\"auto, (max-width: 766px) 100vw, 766px\" \/><\/figure>\n\n\n\n<figure class=\"wp-block-image size-large\"><img loading=\"lazy\" decoding=\"async\" width=\"1024\" height=\"683\" src=\"https:\/\/www.lopenjarventausta.fi\/wp-content\/uploads\/2023\/08\/364159304_497379732591934_4195125190564027965_n-1024x683.jpg\" alt=\"\" class=\"wp-image-497\" srcset=\"https:\/\/www.lopenjarventausta.fi\/wp-content\/uploads\/2023\/08\/364159304_497379732591934_4195125190564027965_n-1024x683.jpg 1024w, https:\/\/www.lopenjarventausta.fi\/wp-content\/uploads\/2023\/08\/364159304_497379732591934_4195125190564027965_n-300x200.jpg 300w, https:\/\/www.lopenjarventausta.fi\/wp-content\/uploads\/2023\/08\/364159304_497379732591934_4195125190564027965_n-768x512.jpg 768w, https:\/\/www.lopenjarventausta.fi\/wp-content\/uploads\/2023\/08\/364159304_497379732591934_4195125190564027965_n-1536x1024.jpg 1536w, https:\/\/www.lopenjarventausta.fi\/wp-content\/uploads\/2023\/08\/364159304_497379732591934_4195125190564027965_n-450x300.jpg 450w, https:\/\/www.lopenjarventausta.fi\/wp-content\/uploads\/2023\/08\/364159304_497379732591934_4195125190564027965_n.jpg 1920w\" sizes=\"auto, (max-width: 1024px) 100vw, 1024px\" \/><\/figure>\n\n\n\n<figure class=\"wp-block-image size-large\"><img loading=\"lazy\" decoding=\"async\" width=\"766\" height=\"1024\" src=\"https:\/\/www.lopenjarventausta.fi\/wp-content\/uploads\/2023\/08\/363912600_1345074213091996_7581746508947220824_n-766x1024.jpg\" alt=\"\" class=\"wp-image-495\" srcset=\"https:\/\/www.lopenjarventausta.fi\/wp-content\/uploads\/2023\/08\/363912600_1345074213091996_7581746508947220824_n-766x1024.jpg 766w, https:\/\/www.lopenjarventausta.fi\/wp-content\/uploads\/2023\/08\/363912600_1345074213091996_7581746508947220824_n-224x300.jpg 224w, https:\/\/www.lopenjarventausta.fi\/wp-content\/uploads\/2023\/08\/363912600_1345074213091996_7581746508947220824_n-768x1027.jpg 768w, https:\/\/www.lopenjarventausta.fi\/wp-content\/uploads\/2023\/08\/363912600_1345074213091996_7581746508947220824_n-1149x1536.jpg 1149w, https:\/\/www.lopenjarventausta.fi\/wp-content\/uploads\/2023\/08\/363912600_1345074213091996_7581746508947220824_n.jpg 1496w\" sizes=\"auto, (max-width: 766px) 100vw, 766px\" \/><\/figure>\n\n\n\n<figure class=\"wp-block-image size-large\"><img loading=\"lazy\" decoding=\"async\" width=\"766\" height=\"1024\" src=\"https:\/\/www.lopenjarventausta.fi\/wp-content\/uploads\/2023\/08\/364548967_818115313355544_5009048259571538838_n-766x1024.jpg\" alt=\"\" class=\"wp-image-494\" srcset=\"https:\/\/www.lopenjarventausta.fi\/wp-content\/uploads\/2023\/08\/364548967_818115313355544_5009048259571538838_n-766x1024.jpg 766w, https:\/\/www.lopenjarventausta.fi\/wp-content\/uploads\/2023\/08\/364548967_818115313355544_5009048259571538838_n-224x300.jpg 224w, https:\/\/www.lopenjarventausta.fi\/wp-content\/uploads\/2023\/08\/364548967_818115313355544_5009048259571538838_n-768x1027.jpg 768w, https:\/\/www.lopenjarventausta.fi\/wp-content\/uploads\/2023\/08\/364548967_818115313355544_5009048259571538838_n-1149x1536.jpg 1149w, https:\/\/www.lopenjarventausta.fi\/wp-content\/uploads\/2023\/08\/364548967_818115313355544_5009048259571538838_n.jpg 1496w\" sizes=\"auto, (max-width: 766px) 100vw, 766px\" \/><\/figure>\n\n\n\n<figure class=\"wp-block-image size-large\"><img loading=\"lazy\" decoding=\"async\" width=\"766\" height=\"1024\" src=\"https:\/\/www.lopenjarventausta.fi\/wp-content\/uploads\/2023\/08\/364546521_1001797467522532_4811913651231245209_n-766x1024.jpg\" alt=\"\" class=\"wp-image-493\" srcset=\"https:\/\/www.lopenjarventausta.fi\/wp-content\/uploads\/2023\/08\/364546521_1001797467522532_4811913651231245209_n-766x1024.jpg 766w, https:\/\/www.lopenjarventausta.fi\/wp-content\/uploads\/2023\/08\/364546521_1001797467522532_4811913651231245209_n-224x300.jpg 224w, https:\/\/www.lopenjarventausta.fi\/wp-content\/uploads\/2023\/08\/364546521_1001797467522532_4811913651231245209_n-768x1027.jpg 768w, https:\/\/www.lopenjarventausta.fi\/wp-content\/uploads\/2023\/08\/364546521_1001797467522532_4811913651231245209_n-1149x1536.jpg 1149w, https:\/\/www.lopenjarventausta.fi\/wp-content\/uploads\/2023\/08\/364546521_1001797467522532_4811913651231245209_n.jpg 1496w\" sizes=\"auto, (max-width: 766px) 100vw, 766px\" \/><\/figure>\n\n\n\n<figure class=\"wp-block-image size-large\"><img loading=\"lazy\" decoding=\"async\" width=\"766\" height=\"1024\" src=\"https:\/\/www.lopenjarventausta.fi\/wp-content\/uploads\/2023\/08\/364194979_634731275309582_4954470789421635706_n-766x1024.jpg\" alt=\"\" class=\"wp-image-492\" srcset=\"https:\/\/www.lopenjarventausta.fi\/wp-content\/uploads\/2023\/08\/364194979_634731275309582_4954470789421635706_n-766x1024.jpg 766w, https:\/\/www.lopenjarventausta.fi\/wp-content\/uploads\/2023\/08\/364194979_634731275309582_4954470789421635706_n-224x300.jpg 224w, https:\/\/www.lopenjarventausta.fi\/wp-content\/uploads\/2023\/08\/364194979_634731275309582_4954470789421635706_n-768x1027.jpg 768w, https:\/\/www.lopenjarventausta.fi\/wp-content\/uploads\/2023\/08\/364194979_634731275309582_4954470789421635706_n-1149x1536.jpg 1149w, https:\/\/www.lopenjarventausta.fi\/wp-content\/uploads\/2023\/08\/364194979_634731275309582_4954470789421635706_n.jpg 1496w\" sizes=\"auto, (max-width: 766px) 100vw, 766px\" \/><\/figure>\n\n\n\n<figure class=\"wp-block-image size-large\"><img loading=\"lazy\" decoding=\"async\" width=\"766\" height=\"1024\" src=\"https:\/\/www.lopenjarventausta.fi\/wp-content\/uploads\/2023\/08\/364220225_234773875655877_1293089330480070877_n-766x1024.jpg\" alt=\"\" class=\"wp-image-491\" srcset=\"https:\/\/www.lopenjarventausta.fi\/wp-content\/uploads\/2023\/08\/364220225_234773875655877_1293089330480070877_n-766x1024.jpg 766w, https:\/\/www.lopenjarventausta.fi\/wp-content\/uploads\/2023\/08\/364220225_234773875655877_1293089330480070877_n-224x300.jpg 224w, https:\/\/www.lopenjarventausta.fi\/wp-content\/uploads\/2023\/08\/364220225_234773875655877_1293089330480070877_n-768x1027.jpg 768w, https:\/\/www.lopenjarventausta.fi\/wp-content\/uploads\/2023\/08\/364220225_234773875655877_1293089330480070877_n-1149x1536.jpg 1149w, https:\/\/www.lopenjarventausta.fi\/wp-content\/uploads\/2023\/08\/364220225_234773875655877_1293089330480070877_n.jpg 1496w\" sizes=\"auto, (max-width: 766px) 100vw, 766px\" \/><\/figure>\n\n\n\n<figure class=\"wp-block-image size-large\"><img loading=\"lazy\" decoding=\"async\" width=\"766\" height=\"1024\" src=\"https:\/\/www.lopenjarventausta.fi\/wp-content\/uploads\/2023\/08\/364546314_248450231470313_4721189576644690119_n-766x1024.jpg\" alt=\"\" class=\"wp-image-489\" srcset=\"https:\/\/www.lopenjarventausta.fi\/wp-content\/uploads\/2023\/08\/364546314_248450231470313_4721189576644690119_n-766x1024.jpg 766w, https:\/\/www.lopenjarventausta.fi\/wp-content\/uploads\/2023\/08\/364546314_248450231470313_4721189576644690119_n-224x300.jpg 224w, https:\/\/www.lopenjarventausta.fi\/wp-content\/uploads\/2023\/08\/364546314_248450231470313_4721189576644690119_n-768x1027.jpg 768w, https:\/\/www.lopenjarventausta.fi\/wp-content\/uploads\/2023\/08\/364546314_248450231470313_4721189576644690119_n-1149x1536.jpg 1149w, https:\/\/www.lopenjarventausta.fi\/wp-content\/uploads\/2023\/08\/364546314_248450231470313_4721189576644690119_n.jpg 1496w\" sizes=\"auto, (max-width: 766px) 100vw, 766px\" \/><\/figure>\n\n\n\n<figure class=\"wp-block-image size-large\"><img loading=\"lazy\" decoding=\"async\" width=\"1024\" height=\"576\" src=\"https:\/\/www.lopenjarventausta.fi\/wp-content\/uploads\/2022\/07\/Pirtti-02-6-1024x576.jpg\" alt=\"\" class=\"wp-image-95\" srcset=\"https:\/\/www.lopenjarventausta.fi\/wp-content\/uploads\/2022\/07\/Pirtti-02-6-1024x576.jpg 1024w, https:\/\/www.lopenjarventausta.fi\/wp-content\/uploads\/2022\/07\/Pirtti-02-6-300x169.jpg 300w, https:\/\/www.lopenjarventausta.fi\/wp-content\/uploads\/2022\/07\/Pirtti-02-6-768x432.jpg 768w, https:\/\/www.lopenjarventausta.fi\/wp-content\/uploads\/2022\/07\/Pirtti-02-6-1536x864.jpg 1536w, https:\/\/www.lopenjarventausta.fi\/wp-content\/uploads\/2022\/07\/Pirtti-02-6-2048x1152.jpg 2048w\" sizes=\"auto, (max-width: 1024px) 100vw, 1024px\" \/><\/figure>\n\n\n\n<figure class=\"wp-block-image size-large\"><img loading=\"lazy\" decoding=\"async\" width=\"1024\" height=\"768\" src=\"https:\/\/www.lopenjarventausta.fi\/wp-content\/uploads\/2022\/07\/20220701_112215-1-1024x768.jpg\" alt=\"\" class=\"wp-image-201\" srcset=\"https:\/\/www.lopenjarventausta.fi\/wp-content\/uploads\/2022\/07\/20220701_112215-1-1024x768.jpg 1024w, https:\/\/www.lopenjarventausta.fi\/wp-content\/uploads\/2022\/07\/20220701_112215-1-300x225.jpg 300w, https:\/\/www.lopenjarventausta.fi\/wp-content\/uploads\/2022\/07\/20220701_112215-1-768x576.jpg 768w, https:\/\/www.lopenjarventausta.fi\/wp-content\/uploads\/2022\/07\/20220701_112215-1-1536x1152.jpg 1536w, https:\/\/www.lopenjarventausta.fi\/wp-content\/uploads\/2022\/07\/20220701_112215-1-2048x1536.jpg 2048w\" sizes=\"auto, (max-width: 1024px) 100vw, 1024px\" \/><\/figure>\n\n\n\n<figure class=\"wp-block-image size-large\"><img loading=\"lazy\" decoding=\"async\" width=\"1024\" height=\"768\" src=\"https:\/\/www.lopenjarventausta.fi\/wp-content\/uploads\/2022\/07\/20220701_112159-1-1024x768.jpg\" alt=\"\" class=\"wp-image-200\" srcset=\"https:\/\/www.lopenjarventausta.fi\/wp-content\/uploads\/2022\/07\/20220701_112159-1-1024x768.jpg 1024w, https:\/\/www.lopenjarventausta.fi\/wp-content\/uploads\/2022\/07\/20220701_112159-1-300x225.jpg 300w, https:\/\/www.lopenjarventausta.fi\/wp-content\/uploads\/2022\/07\/20220701_112159-1-768x576.jpg 768w, https:\/\/www.lopenjarventausta.fi\/wp-content\/uploads\/2022\/07\/20220701_112159-1-1536x1152.jpg 1536w, https:\/\/www.lopenjarventausta.fi\/wp-content\/uploads\/2022\/07\/20220701_112159-1-2048x1536.jpg 2048w\" sizes=\"auto, (max-width: 1024px) 100vw, 1024px\" \/><\/figure>\n\n\n\n<figure class=\"wp-block-image size-large\"><img loading=\"lazy\" decoding=\"async\" width=\"1024\" height=\"768\" src=\"https:\/\/www.lopenjarventausta.fi\/wp-content\/uploads\/2022\/07\/20220701_112013-1024x768.jpg\" alt=\"\" class=\"wp-image-199\" srcset=\"https:\/\/www.lopenjarventausta.fi\/wp-content\/uploads\/2022\/07\/20220701_112013-1024x768.jpg 1024w, https:\/\/www.lopenjarventausta.fi\/wp-content\/uploads\/2022\/07\/20220701_112013-300x225.jpg 300w, https:\/\/www.lopenjarventausta.fi\/wp-content\/uploads\/2022\/07\/20220701_112013-768x576.jpg 768w, https:\/\/www.lopenjarventausta.fi\/wp-content\/uploads\/2022\/07\/20220701_112013-1536x1152.jpg 1536w, https:\/\/www.lopenjarventausta.fi\/wp-content\/uploads\/2022\/07\/20220701_112013-2048x1536.jpg 2048w\" sizes=\"auto, (max-width: 1024px) 100vw, 1024px\" \/><\/figure>\n\n\n\n<figure class=\"wp-block-image size-large\"><img loading=\"lazy\" decoding=\"async\" width=\"1024\" height=\"768\" src=\"https:\/\/www.lopenjarventausta.fi\/wp-content\/uploads\/2022\/07\/20220703_180538-1024x768.jpg\" alt=\"\" class=\"wp-image-203\" srcset=\"https:\/\/www.lopenjarventausta.fi\/wp-content\/uploads\/2022\/07\/20220703_180538-1024x768.jpg 1024w, https:\/\/www.lopenjarventausta.fi\/wp-content\/uploads\/2022\/07\/20220703_180538-300x225.jpg 300w, https:\/\/www.lopenjarventausta.fi\/wp-content\/uploads\/2022\/07\/20220703_180538-768x576.jpg 768w, https:\/\/www.lopenjarventausta.fi\/wp-content\/uploads\/2022\/07\/20220703_180538-1536x1152.jpg 1536w, https:\/\/www.lopenjarventausta.fi\/wp-content\/uploads\/2022\/07\/20220703_180538-2048x1536.jpg 2048w\" sizes=\"auto, (max-width: 1024px) 100vw, 1024px\" \/><\/figure>\n\n\n\n<figure class=\"wp-block-image size-large\"><img loading=\"lazy\" decoding=\"async\" width=\"1024\" height=\"768\" src=\"https:\/\/www.lopenjarventausta.fi\/wp-content\/uploads\/2022\/07\/20220703_180606-1024x768.jpg\" alt=\"\" class=\"wp-image-204\" srcset=\"https:\/\/www.lopenjarventausta.fi\/wp-content\/uploads\/2022\/07\/20220703_180606-1024x768.jpg 1024w, https:\/\/www.lopenjarventausta.fi\/wp-content\/uploads\/2022\/07\/20220703_180606-300x225.jpg 300w, https:\/\/www.lopenjarventausta.fi\/wp-content\/uploads\/2022\/07\/20220703_180606-768x576.jpg 768w, https:\/\/www.lopenjarventausta.fi\/wp-content\/uploads\/2022\/07\/20220703_180606-1536x1152.jpg 1536w, https:\/\/www.lopenjarventausta.fi\/wp-content\/uploads\/2022\/07\/20220703_180606-2048x1536.jpg 2048w\" sizes=\"auto, (max-width: 1024px) 100vw, 1024px\" \/><\/figure>\n\n\n\n<figure class=\"wp-block-image size-large\"><img loading=\"lazy\" decoding=\"async\" width=\"1024\" height=\"768\" src=\"https:\/\/www.lopenjarventausta.fi\/wp-content\/uploads\/2022\/07\/20220703_180547-1024x768.jpg\" alt=\"\" class=\"wp-image-205\" srcset=\"https:\/\/www.lopenjarventausta.fi\/wp-content\/uploads\/2022\/07\/20220703_180547-1024x768.jpg 1024w, https:\/\/www.lopenjarventausta.fi\/wp-content\/uploads\/2022\/07\/20220703_180547-300x225.jpg 300w, https:\/\/www.lopenjarventausta.fi\/wp-content\/uploads\/2022\/07\/20220703_180547-768x576.jpg 768w, https:\/\/www.lopenjarventausta.fi\/wp-content\/uploads\/2022\/07\/20220703_180547-1536x1152.jpg 1536w, https:\/\/www.lopenjarventausta.fi\/wp-content\/uploads\/2022\/07\/20220703_180547-2048x1536.jpg 2048w\" sizes=\"auto, (max-width: 1024px) 100vw, 1024px\" \/><\/figure>\n\n\n\n<figure class=\"wp-block-image size-large\"><img loading=\"lazy\" decoding=\"async\" width=\"1024\" height=\"768\" src=\"https:\/\/www.lopenjarventausta.fi\/wp-content\/uploads\/2022\/07\/20220703_180521-1024x768.jpg\" alt=\"\" class=\"wp-image-206\" srcset=\"https:\/\/www.lopenjarventausta.fi\/wp-content\/uploads\/2022\/07\/20220703_180521-1024x768.jpg 1024w, https:\/\/www.lopenjarventausta.fi\/wp-content\/uploads\/2022\/07\/20220703_180521-300x225.jpg 300w, https:\/\/www.lopenjarventausta.fi\/wp-content\/uploads\/2022\/07\/20220703_180521-768x576.jpg 768w, https:\/\/www.lopenjarventausta.fi\/wp-content\/uploads\/2022\/07\/20220703_180521-1536x1152.jpg 1536w, https:\/\/www.lopenjarventausta.fi\/wp-content\/uploads\/2022\/07\/20220703_180521-2048x1536.jpg 2048w\" sizes=\"auto, (max-width: 1024px) 100vw, 1024px\" \/><\/figure>\n\n\n\n<figure class=\"wp-block-image size-large\"><img loading=\"lazy\" decoding=\"async\" width=\"1024\" height=\"768\" src=\"https:\/\/www.lopenjarventausta.fi\/wp-content\/uploads\/2022\/07\/20220703_180630-1024x768.jpg\" alt=\"\" class=\"wp-image-207\" srcset=\"https:\/\/www.lopenjarventausta.fi\/wp-content\/uploads\/2022\/07\/20220703_180630-1024x768.jpg 1024w, https:\/\/www.lopenjarventausta.fi\/wp-content\/uploads\/2022\/07\/20220703_180630-300x225.jpg 300w, https:\/\/www.lopenjarventausta.fi\/wp-content\/uploads\/2022\/07\/20220703_180630-768x576.jpg 768w, https:\/\/www.lopenjarventausta.fi\/wp-content\/uploads\/2022\/07\/20220703_180630-1536x1152.jpg 1536w, https:\/\/www.lopenjarventausta.fi\/wp-content\/uploads\/2022\/07\/20220703_180630-2048x1536.jpg 2048w\" sizes=\"auto, (max-width: 1024px) 100vw, 1024px\" \/><\/figure>\n","protected":false},"excerpt":{"rendered":"<p>J\u00e4rventaustan Pirtti on vanha seurojentalo, joka on peruskorjattu 2008-2016 alkuper\u00e4isen ilmeen ja tunnelman s\u00e4ilytt\u00e4m\u00e4ll\u00e4. Pirtill\u00e4 j\u00e4rjestet\u00e4\u00e4n joka vuosi perinteiset juhannustanssit pienviljelij\u00e4- ja kyl\u00e4yhdistyksen toimesta. Molemmat yhdistykset samalla tukeutuvat pirttiin ja j\u00e4rjest\u00e4v\u00e4t joka vuosi tapahtumia siell\u00e4.Pirtti\u00e4 vuokrataan yksityistilaisuuksia varten. Lis\u00e4tietoa Pirtin &hellip; <a href=\"https:\/\/www.lopenjarventausta.fi\/index.php\/pirtin-sisakuvia-2\/\">Lue loppuun <span class=\"meta-nav\">&rarr;<\/span><\/a><\/p>\n","protected":false},"author":1,"featured_media":0,"parent":0,"menu_order":0,"comment_status":"closed","ping_status":"closed","template":"","meta":{"footnotes":""},"class_list":["post-198","page","type-page","status-publish","hentry"],"_links":{"self":[{"href":"https:\/\/www.lopenjarventausta.fi\/index.php\/wp-json\/wp\/v2\/pages\/198","targetHints":{"allow":["GET"]}}],"collection":[{"href":"https:\/\/www.lopenjarventausta.fi\/index.php\/wp-json\/wp\/v2\/pages"}],"about":[{"href":"https:\/\/www.lopenjarventausta.fi\/index.php\/wp-json\/wp\/v2\/types\/page"}],"author":[{"embeddable":true,"href":"https:\/\/www.lopenjarventausta.fi\/index.php\/wp-json\/wp\/v2\/users\/1"}],"replies":[{"embeddable":true,"href":"https:\/\/www.lopenjarventausta.fi\/index.php\/wp-json\/wp\/v2\/comments?post=198"}],"version-history":[{"count":8,"href":"https:\/\/www.lopenjarventausta.fi\/index.php\/wp-json\/wp\/v2\/pages\/198\/revisions"}],"predecessor-version":[{"id":502,"href":"https:\/\/www.lopenjarventausta.fi\/index.php\/wp-json\/wp\/v2\/pages\/198\/revisions\/502"}],"wp:attachment":[{"href":"https:\/\/www.lopenjarventausta.fi\/index.php\/wp-json\/wp\/v2\/media?parent=198"}],"curies":[{"name":"wp","href":"https:\/\/api.w.org\/{rel}","templated":true}]}}